{"id":99,"date":"2026-02-28T22:42:39","date_gmt":"2026-02-28T21:42:39","guid":{"rendered":"https:\/\/dadasoft.de\/?page_id=99"},"modified":"2026-03-10T22:51:40","modified_gmt":"2026-03-10T21:51:40","slug":"datenschutzerklaerung-dsgvo-konform","status":"publish","type":"page","link":"https:\/\/dadasoft.de\/en\/datenschutzerklaerung-dsgvo-konform\/","title":{"rendered":"Datenschutzerkl\u00e4rung (DSGVO-konform)"},"content":{"rendered":"<h1 class=\"wp-block-heading ext-animate--on\">Datenschutzerkl\u00e4rung (DSGVO-konform)<\/h1>\n\n\n<div class=\"wp-block-group alignfull is-style-ext-preset--group--natural-1--section ext-animate--on has-background-background-color has-background has-global-padding is-layout-constrained wp-container-core-group-is-layout-6150fac0 wp-block-group-is-layout-constrained\" style=\"margin-top:0;margin-bottom:0;padding-top:var(--wp--preset--spacing--70);padding-bottom:var(--wp--preset--spacing--70)\">\n<p class=\"ext-animate--on\"><\/p>\n\n\n\n<h3 class=\"wp-block-heading ext-animate--on\">1. Verantwortlicher<\/h3>\n\n\n\n<p class=\"ext-animate--on\">DADA Soft GmbH<br>Fr\u00fchlingsweg 1<br>82393 Iffeldorf<br>Deutschland<\/p>\n\n\n\n<p class=\"ext-animate--on\">Vertreten durch die Gesch\u00e4ftsf\u00fchrer:<br>Daniel Horst<br>Alexandru-Darius Calota<\/p>\n\n\n\n<p class=\"ext-animate--on\">E-Mail: <a>info@dadasoft.de<\/a><br>Telefon: +49 176 45779932 \/ +49 152 21949758<\/p>\n\n\n\n<hr class=\"wp-block-separator has-alpha-channel-opacity ext-animate--on\"\/>\n\n\n\n<h3 class=\"wp-block-heading ext-animate--on\">2. Allgemeine Hinweise zur Datenverarbeitung<\/h3>\n\n\n\n<p class=\"ext-animate--on\">Wir verarbeiten personenbezogene Daten ausschlie\u00dflich im Einklang mit der Datenschutz-Grundverordnung (DSGVO) sowie den geltenden nationalen Datenschutzbestimmungen.<\/p>\n\n\n\n<p class=\"ext-animate--on\">Personenbezogene Daten sind alle Daten, mit denen Sie pers\u00f6nlich identifiziert werden k\u00f6nnen.<\/p>\n\n\n\n<hr class=\"wp-block-separator has-alpha-channel-opacity ext-animate--on\"\/>\n\n\n\n<h3 class=\"wp-block-heading ext-animate--on\">3. Hosting<\/h3>\n\n\n\n<p class=\"ext-animate--on\">Unsere Website wird bei einem externen Dienstleister (Hosting-Anbieter) betrieben. Die Verarbeitung erfolgt auf Grundlage von Art. 6 Abs. 1 lit. f DSGVO (berechtigtes Interesse an sicherem und effizientem Betrieb).<\/p>\n\n\n\n<hr class=\"wp-block-separator has-alpha-channel-opacity ext-animate--on\"\/>\n\n\n\n<h3 class=\"wp-block-heading ext-animate--on\">4. Erhebung und Speicherung personenbezogener Daten<\/h3>\n\n\n\n<h4 class=\"wp-block-heading ext-animate--on\">a) Beim Besuch der Website<\/h4>\n\n\n\n<p class=\"ext-animate--on\">Beim Aufrufen der Website werden automatisch gespeichert:<\/p>\n\n\n\n<ul class=\"wp-block-list ext-animate--on\">\n<li class=\"ext-animate--on\">IP-Adresse<\/li>\n\n\n\n<li class=\"ext-animate--on\">Datum und Uhrzeit<\/li>\n\n\n\n<li class=\"ext-animate--on\">Browsertyp<\/li>\n\n\n\n<li class=\"ext-animate--on\">Betriebssystem<\/li>\n\n\n\n<li class=\"ext-animate--on\">Referrer-URL<\/li>\n<\/ul>\n\n\n\n<p class=\"ext-animate--on\">Rechtsgrundlage: Art. 6 Abs. 1 lit. f DSGVO (IT-Sicherheit)<\/p>\n\n\n\n<hr class=\"wp-block-separator has-alpha-channel-opacity ext-animate--on\"\/>\n\n\n\n<h4 class=\"wp-block-heading ext-animate--on\">b) Kontaktformular \/ E-Mail-Kontakt<\/h4>\n\n\n\n<p class=\"ext-animate--on\">Wenn Sie uns kontaktieren, speichern wir:<\/p>\n\n\n\n<ul class=\"wp-block-list ext-animate--on\">\n<li class=\"ext-animate--on\">Name<\/li>\n\n\n\n<li class=\"ext-animate--on\">E-Mail-Adresse<\/li>\n\n\n\n<li class=\"ext-animate--on\">Telefonnummer (falls angegeben)<\/li>\n\n\n\n<li class=\"ext-animate--on\">Nachricht<\/li>\n<\/ul>\n\n\n\n<p class=\"ext-animate--on\">Rechtsgrundlage: Art. 6 Abs. 1 lit. b DSGVO (Vertragsanbahnung)<\/p>\n\n\n\n<hr class=\"wp-block-separator has-alpha-channel-opacity ext-animate--on\"\/>\n\n\n\n<h3 class=\"wp-block-heading ext-animate--on\">5. Cookies<\/h3>\n\n\n\n<p class=\"ext-animate--on\">Unsere Website verwendet Cookies. Details finden Sie in unserem Cookie-Bereich. Rechtsgrundlage ist Art. 6 Abs. 1 lit. a DSGVO (Einwilligung).<\/p>\n\n\n\n<hr class=\"wp-block-separator has-alpha-channel-opacity ext-animate--on\"\/>\n\n\n\n<h3 class=\"wp-block-heading ext-animate--on\">6. Ihre Rechte<\/h3>\n\n\n\n<p class=\"ext-animate--on\">Sie haben das Recht auf:<\/p>\n\n\n\n<ul class=\"wp-block-list ext-animate--on\">\n<li class=\"ext-animate--on\">Auskunft (Art. 15 DSGVO)<\/li>\n\n\n\n<li class=\"ext-animate--on\">Berichtigung (Art. 16 DSGVO)<\/li>\n\n\n\n<li class=\"ext-animate--on\">L\u00f6schung (Art. 17 DSGVO)<\/li>\n\n\n\n<li class=\"ext-animate--on\">Einschr\u00e4nkung der Verarbeitung (Art. 18 DSGVO)<\/li>\n\n\n\n<li class=\"ext-animate--on\">Daten\u00fcbertragbarkeit (Art. 20 DSGVO)<\/li>\n\n\n\n<li class=\"ext-animate--on\">Widerspruch (Art. 21 DSGVO)<\/li>\n<\/ul>\n\n\n\n<p class=\"ext-animate--on\">Beschwerderecht bei der zust\u00e4ndigen Aufsichtsbeh\u00f6rde.<\/p>\n\n\n\n<hr class=\"wp-block-separator has-alpha-channel-opacity ext-animate--on\"\/>\n\n\n\n<h3 class=\"wp-block-heading ext-animate--on\">7. Speicherdauer<\/h3>\n\n\n\n<p class=\"ext-animate--on\">Daten werden nur so lange gespeichert, wie es f\u00fcr den jeweiligen Zweck erforderlich ist oder gesetzliche Aufbewahrungspflichten bestehen.<\/p>\n<\/div>","protected":false},"excerpt":{"rendered":"<p>Datenschutzerkl\u00e4rung (DSGVO-konform) 1. Verantwortlicher DADA Soft GmbHFr\u00fchlingsweg 182393 IffeldorfDeutschland Vertreten durch die Gesch\u00e4ftsf\u00fchrer:Daniel HorstAlexandru-Darius Calota E-Mail: info@dadasoft.deTelefon: +49 176 45779932 \/ +49 152 21949758 2. Allgemeine Hinweise zur Datenverarbeitung Wir verarbeiten personenbezogene Daten ausschlie\u00dflich im Einklang mit der Datenschutz-Grundverordnung (DSGVO) sowie den geltenden nationalen Datenschutzbestimmungen. Personenbezogene Daten sind alle Daten, mit denen Sie pers\u00f6nlich identifiziert [&hellip;]<\/p>\n","protected":false},"author":1,"featured_media":0,"parent":0,"menu_order":0,"comment_status":"closed","ping_status":"closed","template":"page-with-title","meta":{"footnotes":""},"class_list":["post-99","page","type-page","status-publish","hentry"],"yoast_head":"<!-- This site is optimized with the Yoast SEO plugin v27.6 - https:\/\/yoast.com\/product\/yoast-seo-wordpress\/ -->\n<title>Datenschutzerkl\u00e4rung (DSGVO-konform) - DADA Soft<\/title>\n<meta name=\"robots\" content=\"index, follow, max-snippet:-1, max-image-preview:large, max-video-preview:-1\" \/>\n<link rel=\"canonical\" href=\"https:\/\/dadasoft.de\/en\/datenschutzerklaerung-dsgvo-konform\/\" \/>\n<meta property=\"og:locale\" content=\"en_US\" \/>\n<meta property=\"og:type\" content=\"article\" \/>\n<meta property=\"og:title\" content=\"Datenschutzerkl\u00e4rung (DSGVO-konform) - DADA Soft\" \/>\n<meta property=\"og:description\" content=\"Datenschutzerkl\u00e4rung (DSGVO-konform) 1. Verantwortlicher DADA Soft GmbHFr\u00fchlingsweg 182393 IffeldorfDeutschland Vertreten durch die Gesch\u00e4ftsf\u00fchrer:Daniel HorstAlexandru-Darius Calota E-Mail: info@dadasoft.deTelefon: +49 176 45779932 \/ +49 152 21949758 2. Allgemeine Hinweise zur Datenverarbeitung Wir verarbeiten personenbezogene Daten ausschlie\u00dflich im Einklang mit der Datenschutz-Grundverordnung (DSGVO) sowie den geltenden nationalen Datenschutzbestimmungen. Personenbezogene Daten sind alle Daten, mit denen Sie pers\u00f6nlich identifiziert [&hellip;]\" \/>\n<meta property=\"og:url\" content=\"https:\/\/dadasoft.de\/en\/datenschutzerklaerung-dsgvo-konform\/\" \/>\n<meta property=\"og:site_name\" content=\"DADA Soft\" \/>\n<meta property=\"article:modified_time\" content=\"2026-03-10T21:51:40+00:00\" \/>\n<meta name=\"twitter:card\" content=\"summary_large_image\" \/>\n<meta name=\"twitter:label1\" content=\"Est. reading time\" \/>\n\t<meta name=\"twitter:data1\" content=\"2 minutes\" \/>\n<script type=\"application\/ld+json\" class=\"yoast-schema-graph\">{\"@context\":\"https:\\\/\\\/schema.org\",\"@graph\":[{\"@type\":\"WebPage\",\"@id\":\"https:\\\/\\\/dadasoft.de\\\/datenschutzerklaerung-dsgvo-konform\\\/\",\"url\":\"https:\\\/\\\/dadasoft.de\\\/datenschutzerklaerung-dsgvo-konform\\\/\",\"name\":\"Datenschutzerkl\u00e4rung (DSGVO-konform) - DADA Soft\",\"isPartOf\":{\"@id\":\"https:\\\/\\\/dadasoft.de\\\/#website\"},\"datePublished\":\"2026-02-28T21:42:39+00:00\",\"dateModified\":\"2026-03-10T21:51:40+00:00\",\"breadcrumb\":{\"@id\":\"https:\\\/\\\/dadasoft.de\\\/datenschutzerklaerung-dsgvo-konform\\\/#breadcrumb\"},\"inLanguage\":\"en-US\",\"potentialAction\":[{\"@type\":\"ReadAction\",\"target\":[\"https:\\\/\\\/dadasoft.de\\\/datenschutzerklaerung-dsgvo-konform\\\/\"]}]},{\"@type\":\"BreadcrumbList\",\"@id\":\"https:\\\/\\\/dadasoft.de\\\/datenschutzerklaerung-dsgvo-konform\\\/#breadcrumb\",\"itemListElement\":[{\"@type\":\"ListItem\",\"position\":1,\"name\":\"Start\",\"item\":\"https:\\\/\\\/dadasoft.de\\\/\"},{\"@type\":\"ListItem\",\"position\":2,\"name\":\"Datenschutzerkl\u00e4rung (DSGVO-konform)\"}]},{\"@type\":\"WebSite\",\"@id\":\"https:\\\/\\\/dadasoft.de\\\/#website\",\"url\":\"https:\\\/\\\/dadasoft.de\\\/\",\"name\":\"DADA Soft\",\"description\":\"KI-, ERP- &amp; Prozessoptimierung\",\"publisher\":{\"@id\":\"https:\\\/\\\/dadasoft.de\\\/#organization\"},\"potentialAction\":[{\"@type\":\"SearchAction\",\"target\":{\"@type\":\"EntryPoint\",\"urlTemplate\":\"https:\\\/\\\/dadasoft.de\\\/?s={search_term_string}\"},\"query-input\":{\"@type\":\"PropertyValueSpecification\",\"valueRequired\":true,\"valueName\":\"search_term_string\"}}],\"inLanguage\":\"en-US\"},{\"@type\":\"Organization\",\"@id\":\"https:\\\/\\\/dadasoft.de\\\/#organization\",\"name\":\"DADA Soft GmbH\",\"url\":\"https:\\\/\\\/dadasoft.de\\\/\",\"logo\":{\"@type\":\"ImageObject\",\"inLanguage\":\"en-US\",\"@id\":\"https:\\\/\\\/dadasoft.de\\\/#\\\/schema\\\/logo\\\/image\\\/\",\"url\":\"https:\\\/\\\/dadasoft.de\\\/wp-content\\\/uploads\\\/2026\\\/02\\\/dada-soft-high-resolution-logo-transparent.png\",\"contentUrl\":\"https:\\\/\\\/dadasoft.de\\\/wp-content\\\/uploads\\\/2026\\\/02\\\/dada-soft-high-resolution-logo-transparent.png\",\"width\":2000,\"height\":286,\"caption\":\"DADA Soft GmbH\"},\"image\":{\"@id\":\"https:\\\/\\\/dadasoft.de\\\/#\\\/schema\\\/logo\\\/image\\\/\"},\"sameAs\":[\"https:\\\/\\\/www.linkedin.com\\\/company\\\/dada-soft-gmbh\\\/\",\"https:\\\/\\\/www.xing.com\\\/pages\\\/dada-soft-gmbh\"]}]}<\/script>\n<!-- \/ Yoast SEO plugin. -->","yoast_head_json":{"title":"Datenschutzerkl\u00e4rung (DSGVO-konform) - DADA Soft","robots":{"index":"index","follow":"follow","max-snippet":"max-snippet:-1","max-image-preview":"max-image-preview:large","max-video-preview":"max-video-preview:-1"},"canonical":"https:\/\/dadasoft.de\/en\/datenschutzerklaerung-dsgvo-konform\/","og_locale":"en_US","og_type":"article","og_title":"Datenschutzerkl\u00e4rung (DSGVO-konform) - DADA Soft","og_description":"Datenschutzerkl\u00e4rung (DSGVO-konform) 1. Verantwortlicher DADA Soft GmbHFr\u00fchlingsweg 182393 IffeldorfDeutschland Vertreten durch die Gesch\u00e4ftsf\u00fchrer:Daniel HorstAlexandru-Darius Calota E-Mail: info@dadasoft.deTelefon: +49 176 45779932 \/ +49 152 21949758 2. Allgemeine Hinweise zur Datenverarbeitung Wir verarbeiten personenbezogene Daten ausschlie\u00dflich im Einklang mit der Datenschutz-Grundverordnung (DSGVO) sowie den geltenden nationalen Datenschutzbestimmungen. Personenbezogene Daten sind alle Daten, mit denen Sie pers\u00f6nlich identifiziert [&hellip;]","og_url":"https:\/\/dadasoft.de\/en\/datenschutzerklaerung-dsgvo-konform\/","og_site_name":"DADA Soft","article_modified_time":"2026-03-10T21:51:40+00:00","twitter_card":"summary_large_image","twitter_misc":{"Est. reading time":"2 minutes"},"schema":{"@context":"https:\/\/schema.org","@graph":[{"@type":"WebPage","@id":"https:\/\/dadasoft.de\/datenschutzerklaerung-dsgvo-konform\/","url":"https:\/\/dadasoft.de\/datenschutzerklaerung-dsgvo-konform\/","name":"Datenschutzerkl\u00e4rung (DSGVO-konform) - DADA Soft","isPartOf":{"@id":"https:\/\/dadasoft.de\/#website"},"datePublished":"2026-02-28T21:42:39+00:00","dateModified":"2026-03-10T21:51:40+00:00","breadcrumb":{"@id":"https:\/\/dadasoft.de\/datenschutzerklaerung-dsgvo-konform\/#breadcrumb"},"inLanguage":"en-US","potentialAction":[{"@type":"ReadAction","target":["https:\/\/dadasoft.de\/datenschutzerklaerung-dsgvo-konform\/"]}]},{"@type":"BreadcrumbList","@id":"https:\/\/dadasoft.de\/datenschutzerklaerung-dsgvo-konform\/#breadcrumb","itemListElement":[{"@type":"ListItem","position":1,"name":"Start","item":"https:\/\/dadasoft.de\/"},{"@type":"ListItem","position":2,"name":"Datenschutzerkl\u00e4rung (DSGVO-konform)"}]},{"@type":"WebSite","@id":"https:\/\/dadasoft.de\/#website","url":"https:\/\/dadasoft.de\/","name":"DADA Soft","description":"KI-, ERP- &amp; Prozessoptimierung","publisher":{"@id":"https:\/\/dadasoft.de\/#organization"},"potentialAction":[{"@type":"SearchAction","target":{"@type":"EntryPoint","urlTemplate":"https:\/\/dadasoft.de\/?s={search_term_string}"},"query-input":{"@type":"PropertyValueSpecification","valueRequired":true,"valueName":"search_term_string"}}],"inLanguage":"en-US"},{"@type":"Organization","@id":"https:\/\/dadasoft.de\/#organization","name":"DADA Soft GmbH","url":"https:\/\/dadasoft.de\/","logo":{"@type":"ImageObject","inLanguage":"en-US","@id":"https:\/\/dadasoft.de\/#\/schema\/logo\/image\/","url":"https:\/\/dadasoft.de\/wp-content\/uploads\/2026\/02\/dada-soft-high-resolution-logo-transparent.png","contentUrl":"https:\/\/dadasoft.de\/wp-content\/uploads\/2026\/02\/dada-soft-high-resolution-logo-transparent.png","width":2000,"height":286,"caption":"DADA Soft GmbH"},"image":{"@id":"https:\/\/dadasoft.de\/#\/schema\/logo\/image\/"},"sameAs":["https:\/\/www.linkedin.com\/company\/dada-soft-gmbh\/","https:\/\/www.xing.com\/pages\/dada-soft-gmbh"]}]}},"_links":{"self":[{"href":"https:\/\/dadasoft.de\/en\/wp-json\/wp\/v2\/pages\/99","targetHints":{"allow":["GET"]}}],"collection":[{"href":"https:\/\/dadasoft.de\/en\/wp-json\/wp\/v2\/pages"}],"about":[{"href":"https:\/\/dadasoft.de\/en\/wp-json\/wp\/v2\/types\/page"}],"author":[{"embeddable":true,"href":"https:\/\/dadasoft.de\/en\/wp-json\/wp\/v2\/users\/1"}],"replies":[{"embeddable":true,"href":"https:\/\/dadasoft.de\/en\/wp-json\/wp\/v2\/comments?post=99"}],"version-history":[{"count":7,"href":"https:\/\/dadasoft.de\/en\/wp-json\/wp\/v2\/pages\/99\/revisions"}],"predecessor-version":[{"id":499,"href":"https:\/\/dadasoft.de\/en\/wp-json\/wp\/v2\/pages\/99\/revisions\/499"}],"wp:attachment":[{"href":"https:\/\/dadasoft.de\/en\/wp-json\/wp\/v2\/media?parent=99"}],"curies":[{"name":"wp","href":"https:\/\/api.w.org\/{rel}","templated":true}]}}