{"id":36,"date":"2026-02-28T21:09:41","date_gmt":"2026-02-28T21:09:41","guid":{"rendered":"https:\/\/dadasoft.de\/impressum\/"},"modified":"2026-03-10T22:53:23","modified_gmt":"2026-03-10T21:53:23","slug":"impressum","status":"publish","type":"page","link":"https:\/\/dadasoft.de\/en\/impressum\/","title":{"rendered":"Impressum"},"content":{"rendered":"<div class=\"wp-block-group alignfull is-style-ext-preset--group--natural-1--section has-background-background-color has-background has-global-padding is-layout-constrained wp-container-core-group-is-layout-6150fac0 wp-block-group-is-layout-constrained\" style=\"margin-top:0;margin-bottom:0;padding-top:var(--wp--preset--spacing--70);padding-bottom:var(--wp--preset--spacing--70)\">\n<h1 class=\"wp-block-heading ext-animate--on\">Impressum<\/h1>\n\n\n\n<h3 class=\"wp-block-heading ext-animate--on\">Angaben gem\u00e4\u00df \u00a7 5 TMG<\/h3>\n\n\n\n<p class=\"ext-animate--on\"><strong>DADA Soft GmbH<\/strong><br>Fr\u00fchlingsweg 1<br>82393 Iffeldorf<br>Deutschland<\/p>\n\n\n\n<h3 class=\"wp-block-heading ext-animate--on\">Vertreten durch die Gesch\u00e4ftsf\u00fchrer:<\/h3>\n\n\n\n<p class=\"ext-animate--on\">Herr Daniel Horst<br>Herr Alexandru-Darius Calota<\/p>\n\n\n\n<h3 class=\"wp-block-heading ext-animate--on\">Kontakt<\/h3>\n\n\n\n<p class=\"ext-animate--on\">Telefon: +49 176 45779932<br>Telefon: +49 152 21949758<br>E-Mail: <a>info@dadasoft.de<\/a><\/p>\n\n\n\n<h3 class=\"wp-block-heading ext-animate--on\">Registereintrag<\/h3>\n\n\n\n<p class=\"ext-animate--on\">Eintragung im Handelsregister.<br>Registergericht: Amtsgericht M\u00fcnchen<br>Registernummer: HRB 308748<\/p>\n\n\n\n<h3 class=\"wp-block-heading ext-animate--on\">Umsatzsteuer-ID<\/h3>\n\n\n\n<p class=\"ext-animate--on\">Umsatzsteuer-Identifikationsnummer gem\u00e4\u00df \u00a7 27 a Umsatzsteuergesetz:<br>DE460336038<\/p>\n\n\n\n<hr class=\"wp-block-separator has-alpha-channel-opacity ext-animate--on\"\/>\n\n\n\n<h2 class=\"wp-block-heading ext-animate--on\">Haftungsausschluss<\/h2>\n\n\n\n<h3 class=\"wp-block-heading ext-animate--on\">Haftung f\u00fcr Inhalte<\/h3>\n\n\n\n<p class=\"ext-animate--on\">Als Diensteanbieter sind wir gem\u00e4\u00df \u00a7 7 Abs.1 TMG f\u00fcr eigene Inhalte auf diesen Seiten nach den allgemeinen Gesetzen verantwortlich. Nach \u00a7\u00a7 8 bis 10 TMG sind wir als Diensteanbieter jedoch nicht verpflichtet, \u00fcbermittelte oder gespeicherte fremde Informationen zu \u00fcberwachen oder nach Umst\u00e4nden zu forschen, die auf eine rechtswidrige T\u00e4tigkeit hinweisen.<\/p>\n\n\n\n<h3 class=\"wp-block-heading ext-animate--on\">Haftung f\u00fcr Links<\/h3>\n\n\n\n<p class=\"ext-animate--on\">Unser Angebot enth\u00e4lt Links zu externen Websites Dritter, auf deren Inhalte wir keinen Einfluss haben. Deshalb k\u00f6nnen wir f\u00fcr diese fremden Inhalte auch keine Gew\u00e4hr \u00fcbernehmen.<\/p>\n\n\n\n<h3 class=\"wp-block-heading ext-animate--on\">Urheberrecht<\/h3>\n\n\n\n<p class=\"ext-animate--on\">Die durch die Seitenbetreiber erstellten Inhalte und Werke auf diesen Seiten unterliegen dem deutschen Urheberrecht.<br><br> <strong>Letzte Aktualisierung:<\/strong><br> 28.02.2026<\/p>\n<\/div>","protected":false},"excerpt":{"rendered":"<p>Impressum Angaben gem\u00e4\u00df \u00a7 5 TMG DADA Soft GmbHFr\u00fchlingsweg 182393 IffeldorfDeutschland Vertreten durch die Gesch\u00e4ftsf\u00fchrer: Herr Daniel HorstHerr Alexandru-Darius Calota Kontakt Telefon: +49 176 45779932Telefon: +49 152 21949758E-Mail: info@dadasoft.de Registereintrag Eintragung im Handelsregister.Registergericht: Amtsgericht M\u00fcnchenRegisternummer: HRB 308748 Umsatzsteuer-ID Umsatzsteuer-Identifikationsnummer gem\u00e4\u00df \u00a7 27 a Umsatzsteuergesetz:DE460336038 Haftungsausschluss Haftung f\u00fcr Inhalte Als Diensteanbieter sind wir gem\u00e4\u00df \u00a7 7 [&hellip;]<\/p>\n","protected":false},"author":1,"featured_media":0,"parent":0,"menu_order":0,"comment_status":"closed","ping_status":"closed","template":"page-with-title","meta":{"footnotes":""},"class_list":["post-36","page","type-page","status-publish","hentry"],"yoast_head":"<!-- This site is optimized with the Yoast SEO plugin v27.6 - https:\/\/yoast.com\/product\/yoast-seo-wordpress\/ -->\n<title>Impressum - DADA Soft<\/title>\n<meta name=\"robots\" content=\"index, follow, max-snippet:-1, max-image-preview:large, max-video-preview:-1\" \/>\n<link rel=\"canonical\" href=\"https:\/\/dadasoft.de\/en\/impressum\/\" \/>\n<meta property=\"og:locale\" content=\"en_US\" \/>\n<meta property=\"og:type\" content=\"article\" \/>\n<meta property=\"og:title\" content=\"Impressum - DADA Soft\" \/>\n<meta property=\"og:description\" content=\"Impressum Angaben gem\u00e4\u00df \u00a7 5 TMG DADA Soft GmbHFr\u00fchlingsweg 182393 IffeldorfDeutschland Vertreten durch die Gesch\u00e4ftsf\u00fchrer: Herr Daniel HorstHerr Alexandru-Darius Calota Kontakt Telefon: +49 176 45779932Telefon: +49 152 21949758E-Mail: info@dadasoft.de Registereintrag Eintragung im Handelsregister.Registergericht: Amtsgericht M\u00fcnchenRegisternummer: HRB 308748 Umsatzsteuer-ID Umsatzsteuer-Identifikationsnummer gem\u00e4\u00df \u00a7 27 a Umsatzsteuergesetz:DE460336038 Haftungsausschluss Haftung f\u00fcr Inhalte Als Diensteanbieter sind wir gem\u00e4\u00df \u00a7 7 [&hellip;]\" \/>\n<meta property=\"og:url\" content=\"https:\/\/dadasoft.de\/en\/impressum\/\" \/>\n<meta property=\"og:site_name\" content=\"DADA Soft\" \/>\n<meta property=\"article:modified_time\" content=\"2026-03-10T21:53:23+00:00\" \/>\n<meta name=\"twitter:card\" content=\"summary_large_image\" \/>\n<meta name=\"twitter:label1\" content=\"Est. reading time\" \/>\n\t<meta name=\"twitter:data1\" content=\"1 minute\" \/>\n<script type=\"application\/ld+json\" class=\"yoast-schema-graph\">{\"@context\":\"https:\\\/\\\/schema.org\",\"@graph\":[{\"@type\":\"WebPage\",\"@id\":\"https:\\\/\\\/dadasoft.de\\\/impressum\\\/\",\"url\":\"https:\\\/\\\/dadasoft.de\\\/impressum\\\/\",\"name\":\"Impressum - DADA Soft\",\"isPartOf\":{\"@id\":\"https:\\\/\\\/dadasoft.de\\\/#website\"},\"datePublished\":\"2026-02-28T21:09:41+00:00\",\"dateModified\":\"2026-03-10T21:53:23+00:00\",\"breadcrumb\":{\"@id\":\"https:\\\/\\\/dadasoft.de\\\/impressum\\\/#breadcrumb\"},\"inLanguage\":\"en-US\",\"potentialAction\":[{\"@type\":\"ReadAction\",\"target\":[\"https:\\\/\\\/dadasoft.de\\\/impressum\\\/\"]}]},{\"@type\":\"BreadcrumbList\",\"@id\":\"https:\\\/\\\/dadasoft.de\\\/impressum\\\/#breadcrumb\",\"itemListElement\":[{\"@type\":\"ListItem\",\"position\":1,\"name\":\"Start\",\"item\":\"https:\\\/\\\/dadasoft.de\\\/\"},{\"@type\":\"ListItem\",\"position\":2,\"name\":\"Impressum\"}]},{\"@type\":\"WebSite\",\"@id\":\"https:\\\/\\\/dadasoft.de\\\/#website\",\"url\":\"https:\\\/\\\/dadasoft.de\\\/\",\"name\":\"DADA Soft\",\"description\":\"KI-, ERP- &amp; Prozessoptimierung\",\"publisher\":{\"@id\":\"https:\\\/\\\/dadasoft.de\\\/#organization\"},\"potentialAction\":[{\"@type\":\"SearchAction\",\"target\":{\"@type\":\"EntryPoint\",\"urlTemplate\":\"https:\\\/\\\/dadasoft.de\\\/?s={search_term_string}\"},\"query-input\":{\"@type\":\"PropertyValueSpecification\",\"valueRequired\":true,\"valueName\":\"search_term_string\"}}],\"inLanguage\":\"en-US\"},{\"@type\":\"Organization\",\"@id\":\"https:\\\/\\\/dadasoft.de\\\/#organization\",\"name\":\"DADA Soft GmbH\",\"url\":\"https:\\\/\\\/dadasoft.de\\\/\",\"logo\":{\"@type\":\"ImageObject\",\"inLanguage\":\"en-US\",\"@id\":\"https:\\\/\\\/dadasoft.de\\\/#\\\/schema\\\/logo\\\/image\\\/\",\"url\":\"https:\\\/\\\/dadasoft.de\\\/wp-content\\\/uploads\\\/2026\\\/02\\\/dada-soft-high-resolution-logo-transparent.png\",\"contentUrl\":\"https:\\\/\\\/dadasoft.de\\\/wp-content\\\/uploads\\\/2026\\\/02\\\/dada-soft-high-resolution-logo-transparent.png\",\"width\":2000,\"height\":286,\"caption\":\"DADA Soft GmbH\"},\"image\":{\"@id\":\"https:\\\/\\\/dadasoft.de\\\/#\\\/schema\\\/logo\\\/image\\\/\"},\"sameAs\":[\"https:\\\/\\\/www.linkedin.com\\\/company\\\/dada-soft-gmbh\\\/\",\"https:\\\/\\\/www.xing.com\\\/pages\\\/dada-soft-gmbh\"]}]}<\/script>\n<!-- \/ Yoast SEO plugin. -->","yoast_head_json":{"title":"Impressum - DADA Soft","robots":{"index":"index","follow":"follow","max-snippet":"max-snippet:-1","max-image-preview":"max-image-preview:large","max-video-preview":"max-video-preview:-1"},"canonical":"https:\/\/dadasoft.de\/en\/impressum\/","og_locale":"en_US","og_type":"article","og_title":"Impressum - DADA Soft","og_description":"Impressum Angaben gem\u00e4\u00df \u00a7 5 TMG DADA Soft GmbHFr\u00fchlingsweg 182393 IffeldorfDeutschland Vertreten durch die Gesch\u00e4ftsf\u00fchrer: Herr Daniel HorstHerr Alexandru-Darius Calota Kontakt Telefon: +49 176 45779932Telefon: +49 152 21949758E-Mail: info@dadasoft.de Registereintrag Eintragung im Handelsregister.Registergericht: Amtsgericht M\u00fcnchenRegisternummer: HRB 308748 Umsatzsteuer-ID Umsatzsteuer-Identifikationsnummer gem\u00e4\u00df \u00a7 27 a Umsatzsteuergesetz:DE460336038 Haftungsausschluss Haftung f\u00fcr Inhalte Als Diensteanbieter sind wir gem\u00e4\u00df \u00a7 7 [&hellip;]","og_url":"https:\/\/dadasoft.de\/en\/impressum\/","og_site_name":"DADA Soft","article_modified_time":"2026-03-10T21:53:23+00:00","twitter_card":"summary_large_image","twitter_misc":{"Est. reading time":"1 minute"},"schema":{"@context":"https:\/\/schema.org","@graph":[{"@type":"WebPage","@id":"https:\/\/dadasoft.de\/impressum\/","url":"https:\/\/dadasoft.de\/impressum\/","name":"Impressum - DADA Soft","isPartOf":{"@id":"https:\/\/dadasoft.de\/#website"},"datePublished":"2026-02-28T21:09:41+00:00","dateModified":"2026-03-10T21:53:23+00:00","breadcrumb":{"@id":"https:\/\/dadasoft.de\/impressum\/#breadcrumb"},"inLanguage":"en-US","potentialAction":[{"@type":"ReadAction","target":["https:\/\/dadasoft.de\/impressum\/"]}]},{"@type":"BreadcrumbList","@id":"https:\/\/dadasoft.de\/impressum\/#breadcrumb","itemListElement":[{"@type":"ListItem","position":1,"name":"Start","item":"https:\/\/dadasoft.de\/"},{"@type":"ListItem","position":2,"name":"Impressum"}]},{"@type":"WebSite","@id":"https:\/\/dadasoft.de\/#website","url":"https:\/\/dadasoft.de\/","name":"DADA Soft","description":"KI-, ERP- &amp; Prozessoptimierung","publisher":{"@id":"https:\/\/dadasoft.de\/#organization"},"potentialAction":[{"@type":"SearchAction","target":{"@type":"EntryPoint","urlTemplate":"https:\/\/dadasoft.de\/?s={search_term_string}"},"query-input":{"@type":"PropertyValueSpecification","valueRequired":true,"valueName":"search_term_string"}}],"inLanguage":"en-US"},{"@type":"Organization","@id":"https:\/\/dadasoft.de\/#organization","name":"DADA Soft GmbH","url":"https:\/\/dadasoft.de\/","logo":{"@type":"ImageObject","inLanguage":"en-US","@id":"https:\/\/dadasoft.de\/#\/schema\/logo\/image\/","url":"https:\/\/dadasoft.de\/wp-content\/uploads\/2026\/02\/dada-soft-high-resolution-logo-transparent.png","contentUrl":"https:\/\/dadasoft.de\/wp-content\/uploads\/2026\/02\/dada-soft-high-resolution-logo-transparent.png","width":2000,"height":286,"caption":"DADA Soft GmbH"},"image":{"@id":"https:\/\/dadasoft.de\/#\/schema\/logo\/image\/"},"sameAs":["https:\/\/www.linkedin.com\/company\/dada-soft-gmbh\/","https:\/\/www.xing.com\/pages\/dada-soft-gmbh"]}]}},"_links":{"self":[{"href":"https:\/\/dadasoft.de\/en\/wp-json\/wp\/v2\/pages\/36","targetHints":{"allow":["GET"]}}],"collection":[{"href":"https:\/\/dadasoft.de\/en\/wp-json\/wp\/v2\/pages"}],"about":[{"href":"https:\/\/dadasoft.de\/en\/wp-json\/wp\/v2\/types\/page"}],"author":[{"embeddable":true,"href":"https:\/\/dadasoft.de\/en\/wp-json\/wp\/v2\/users\/1"}],"replies":[{"embeddable":true,"href":"https:\/\/dadasoft.de\/en\/wp-json\/wp\/v2\/comments?post=36"}],"version-history":[{"count":16,"href":"https:\/\/dadasoft.de\/en\/wp-json\/wp\/v2\/pages\/36\/revisions"}],"predecessor-version":[{"id":503,"href":"https:\/\/dadasoft.de\/en\/wp-json\/wp\/v2\/pages\/36\/revisions\/503"}],"wp:attachment":[{"href":"https:\/\/dadasoft.de\/en\/wp-json\/wp\/v2\/media?parent=36"}],"curies":[{"name":"wp","href":"https:\/\/api.w.org\/{rel}","templated":true}]}}