{"id":137,"date":"2026-03-02T20:27:23","date_gmt":"2026-03-02T19:27:23","guid":{"rendered":"https:\/\/dadasoft.de\/?page_id=137"},"modified":"2026-03-09T22:04:35","modified_gmt":"2026-03-09T21:04:35","slug":"geschaeftsprozess-analyse","status":"publish","type":"page","link":"https:\/\/dadasoft.de\/en\/geschaeftsprozess-analyse\/","title":{"rendered":"Gesch\u00e4ftsprozess-Analyse"},"content":{"rendered":"<p><!-- \u2550\u2550\u2550\u2550\u2550\u2550\u2550\u2550\u2550\u2550\u2550\u2550\u2550\u2550\u2550\u2550\u2550\u2550\u2550\u2550\u2550\u2550\u2550\u2550\u2550\u2550\u2550\u2550\u2550\u2550\u2550\u2550\u2550\u2550\u2550\u2550\u2550\u2550\u2550\u2550\u2550\u2550\u2550\u2550\u2550\u2550\u2550\u2550\n     GESCH\u00c4FTSPROZESS-ANALYSE \u2014 paste into WordPress Custom HTML block\n     \u2550\u2550\u2550\u2550\u2550\u2550\u2550\u2550\u2550\u2550\u2550\u2550\u2550\u2550\u2550\u2550\u2550\u2550\u2550\u2550\u2550\u2550\u2550\u2550\u2550\u2550\u2550\u2550\u2550\u2550\u2550\u2550\u2550\u2550\u2550\u2550\u2550\u2550\u2550\u2550\u2550\u2550\u2550\u2550\u2550\u2550\u2550\u2550 --><\/p>\n<style>\n.dada-cols .wp-block-columns {\n  display: flex;\n  flex-wrap: wrap;\n  gap: 1.5rem;\n  align-items: stretch;\n}\n@media (min-width: 782px) {\n  .dada-cols .wp-block-columns { flex-wrap: nowrap; }\n  .dada-cols .wp-block-columns > .wp-block-column { flex: 1 1 0; min-width: 0; }\n}\n@media (max-width: 781px) {\n  .dada-cols .wp-block-columns > .wp-block-column { flex-basis: 100% !important; }\n}\n.dada-dot {\n  display: inline-block;\n  width: 10px; height: 10px;\n  border-radius: 50%;\n  background: #3a9a71;\n  flex-shrink: 0;\n}\n.dada-dot-lg {\n  display: inline-block;\n  width: 36px; height: 36px;\n  border-radius: 50%;\n  background: #3a9a71;\n  flex-shrink: 0;\n}\n.dada-dot-card {\n  display: block;\n  width: 48px; height: 48px;\n  border-radius: 50%;\n  background: #eaf6f0;\n  position: relative;\n  margin-bottom: 1.25rem;\n}\n.dada-dot-card::after {\n  content: '';\n  position: absolute;\n  top: 50%; left: 50%;\n  transform: translate(-50%, -50%);\n  width: 18px; height: 18px;\n  border-radius: 50%;\n  background: #3a9a71;\n}\n.dada-dot-white {\n  display: inline-block;\n  width: 10px; height: 10px;\n  border-radius: 50%;\n  background: #fff;\n  flex-shrink: 0;\n}\n.dada-heading-dot {\n  display: flex;\n  align-items: center;\n  gap: 14px;\n}\n<\/style>\n<p><!-- \u2500\u2500 HERO \u2500\u2500\u2500\u2500\u2500\u2500\u2500\u2500\u2500\u2500\u2500\u2500\u2500\u2500\u2500\u2500\u2500\u2500\u2500\u2500\u2500\u2500\u2500\u2500\u2500\u2500\u2500\u2500\u2500\u2500\u2500\u2500\u2500\u2500\u2500\u2500\u2500\u2500\u2500 --><\/p>\n<div class=\"wp-block-group alignfull has-background-background-color has-background has-global-padding is-layout-constrained wp-block-group-is-layout-constrained dada-cols\" style=\"padding-top:var(--wp--preset--spacing--50);padding-bottom:var(--wp--preset--spacing--50);margin-top:0;margin-bottom:0;\">\n<p class=\"alignwide\" style=\"font-size:11px;font-weight:700;letter-spacing:.14em;text-transform:uppercase;color:#3a9a71;margin-bottom:.75rem;display:flex;align-items:center;gap:8px;\">\n    <span class=\"dada-dot\"><\/span> Gesch\u00e4ftsprozess-Analyse\n  <\/p>\n<h1 class=\"wp-block-heading alignwide\">Potenziale erkennen. Zukunft gestalten.<\/h1>\n<p class=\"alignwide\" style=\"margin-top:1.5rem;max-width:660px;\">\n    Wer sein Unternehmen zukunftssicher aufstellen m\u00f6chte, braucht mehr als einzelne Digitalisierungsma\u00dfnahmen \u2013 er braucht eine klare strategische Gesamtsicht.\n  <\/p>\n<\/div>\n<p><!-- \u2500\u2500 ANSATZ: 3 FRAGEN \u2500\u2500\u2500\u2500\u2500\u2500\u2500\u2500\u2500\u2500\u2500\u2500\u2500\u2500\u2500\u2500\u2500\u2500\u2500\u2500\u2500\u2500\u2500\u2500\u2500\u2500\u2500\u2500\u2500 --><\/p>\n<div class=\"wp-block-group alignfull has-tertiary-background-color has-background has-global-padding is-layout-constrained wp-block-group-is-layout-constrained dada-cols\" style=\"padding-top:var(--wp--preset--spacing--50);padding-bottom:var(--wp--preset--spacing--50);margin-top:0;margin-bottom:0;\">\n<div class=\"dada-heading-dot alignwide\">\n    <span class=\"dada-dot-lg\"><\/span><\/p>\n<h2 class=\"wp-block-heading\" style=\"margin:0;\">Unser Ansatz<\/h2>\n<\/p><\/div>\n<p class=\"alignwide\" style=\"margin-top:1rem;max-width:640px;\">Gemeinsam betrachten wir Ihre Wertsch\u00f6pfungskette aus unternehmerischer Perspektive \u2014 ganzheitlich, strukturiert und mit strategischem Blick.<\/p>\n<div class=\"wp-block-columns alignwide is-layout-flex wp-block-columns-is-layout-flex\" style=\"margin-top:2.5rem;gap:1.5rem;align-items:stretch;\">\n<div class=\"wp-block-column is-vertically-aligned-stretch is-layout-flow wp-block-column-is-layout-flow\">\n<div class=\"wp-block-group is-style-ext-preset--group--natural-1--item-card-1--align-start has-background-background-color has-background has-global-padding is-layout-constrained wp-block-group-is-layout-constrained\" style=\"height:100%;padding:2rem;border-radius:16px;\">\n        <span class=\"dada-dot-card\"><\/span><\/p>\n<h3 class=\"wp-block-heading\">Wo entstehen Reibungsverluste?<\/h3>\n<p style=\"margin-top:.75rem;color:#555;\">Wir analysieren nicht nur Abl\u00e4ufe, sondern hinterfragen Strukturen, Verantwortlichkeiten und Systemlandschaften \u2013 um die wirklichen Ursachen von Ineffizienz sichtbar zu machen.<\/p>\n<\/p><\/div>\n<\/p><\/div>\n<div class=\"wp-block-column is-vertically-aligned-stretch is-layout-flow wp-block-column-is-layout-flow\">\n<div class=\"wp-block-group is-style-ext-preset--group--natural-1--item-card-1--align-start has-background-background-color has-background has-global-padding is-layout-constrained wp-block-group-is-layout-constrained\" style=\"height:100%;padding:2rem;border-radius:16px;\">\n        <span class=\"dada-dot-card\"><\/span><\/p>\n<h3 class=\"wp-block-heading\">Wo bleiben Potenziale ungenutzt?<\/h3>\n<p style=\"margin-top:.75rem;color:#555;\">Nicht jede Optimierungsm\u00f6glichkeit ist auf den ersten Blick sichtbar. Wir bringen die Erfahrung und den Au\u00dfenblick mit, um brachliegende Potenziale in Ihrem Unternehmen zu identifizieren.<\/p>\n<\/p><\/div>\n<\/p><\/div>\n<div class=\"wp-block-column is-vertically-aligned-stretch is-layout-flow wp-block-column-is-layout-flow\">\n<div class=\"wp-block-group is-style-ext-preset--group--natural-1--item-card-1--align-start has-background-background-color has-background has-global-padding is-layout-constrained wp-block-group-is-layout-constrained\" style=\"height:100%;padding:2rem;border-radius:16px;\">\n        <span class=\"dada-dot-card\"><\/span><\/p>\n<h3 class=\"wp-block-heading\">Wo wird Digitalisierung zum Wettbewerbsvorteil?<\/h3>\n<p style=\"margin-top:.75rem;color:#555;\">Es geht nicht um Digitalisierung um ihrer selbst willen \u2013 sondern darum, gezielt dort anzusetzen, wo sie echten, messbaren Nutzen f\u00fcr Ihr Unternehmen entfaltet.<\/p>\n<\/p><\/div>\n<\/p><\/div>\n<\/p><\/div>\n<\/div>\n<p><!-- \u2500\u2500 ERGEBNIS: 2 SPALTEN \u2500\u2500\u2500\u2500\u2500\u2500\u2500\u2500\u2500\u2500\u2500\u2500\u2500\u2500\u2500\u2500\u2500\u2500\u2500\u2500\u2500\u2500\u2500\u2500\u2500\u2500 --><\/p>\n<div class=\"wp-block-group alignfull has-background-background-color has-background has-global-padding is-layout-constrained wp-block-group-is-layout-constrained dada-cols\" style=\"padding-top:var(--wp--preset--spacing--50);padding-bottom:var(--wp--preset--spacing--50);margin-top:0;margin-bottom:0;\">\n<div class=\"dada-heading-dot alignwide\">\n    <span class=\"dada-dot-lg\"><\/span><\/p>\n<h2 class=\"wp-block-heading\" style=\"margin:0;\">Das Ergebnis<\/h2>\n<\/p><\/div>\n<div class=\"wp-block-columns alignwide is-layout-flex wp-block-columns-is-layout-flex\" style=\"margin-top:2.5rem;gap:1.5rem;align-items:stretch;\">\n<div class=\"wp-block-column is-vertically-aligned-stretch is-layout-flow wp-block-column-is-layout-flow\">\n<div class=\"wp-block-group is-style-ext-preset--group--natural-1--item-card-1--align-start has-tertiary-background-color has-background has-global-padding is-layout-constrained wp-block-group-is-layout-constrained\" style=\"height:100%;padding:2rem;border-radius:16px;\">\n<p style=\"font-size:11px;font-weight:700;letter-spacing:.14em;text-transform:uppercase;color:#3a9a71;margin-bottom:.5rem;display:flex;align-items:center;gap:7px;\"><span class=\"dada-dot\"><\/span> Output<\/p>\n<h3 class=\"wp-block-heading\">Fundierte Entscheidungsgrundlage<\/h3>\n<p style=\"margin-top:.75rem;color:#555;\">Eine klare Grundlage f\u00fcr Ihre digitale Roadmap \u2013 mit klar priorisierten Ma\u00dfnahmen, messbarem Nutzen und strategischer Perspektive.<\/p>\n<ul style=\"margin-top:1.25rem;padding:0;list-style:none;\">\n<li style=\"display:flex;align-items:center;gap:10px;padding:6px 0;font-size:.9rem;color:#444;border-bottom:1px solid #e8e8e8;\"><span class=\"dada-dot\"><\/span> Klar priorisierte Ma\u00dfnahmen<\/li>\n<li style=\"display:flex;align-items:center;gap:10px;padding:6px 0;font-size:.9rem;color:#444;border-bottom:1px solid #e8e8e8;\"><span class=\"dada-dot\"><\/span> Messbarer Nutzen<\/li>\n<li style=\"display:flex;align-items:center;gap:10px;padding:6px 0;font-size:.9rem;color:#444;\"><span class=\"dada-dot\"><\/span> Strategische Perspektive<\/li>\n<\/ul><\/div>\n<\/p><\/div>\n<div class=\"wp-block-column is-vertically-aligned-stretch is-layout-flow wp-block-column-is-layout-flow\">\n<div class=\"wp-block-group is-style-ext-preset--group--natural-1--item-card-1--align-start has-tertiary-background-color has-background has-global-padding is-layout-constrained wp-block-group-is-layout-constrained\" style=\"height:100%;padding:2rem;border-radius:16px;\">\n<p style=\"font-size:11px;font-weight:700;letter-spacing:.14em;text-transform:uppercase;color:#3a9a71;margin-bottom:.5rem;display:flex;align-items:center;gap:7px;\"><span class=\"dada-dot\"><\/span> Ziel<\/p>\n<h3 class=\"wp-block-heading\">Nachhaltige Weiterentwicklung<\/h3>\n<p style=\"margin-top:.75rem;color:#555;\">Es geht nicht um isolierte Optimierungen, sondern um die nachhaltige Weiterentwicklung Ihres Unternehmens \u2013 strukturiert, wirtschaftlich und mit nachhaltigem Vorsprung im Wettbewerb.<\/p>\n<ul style=\"margin-top:1.25rem;padding:0;list-style:none;\">\n<li style=\"display:flex;align-items:center;gap:10px;padding:6px 0;font-size:.9rem;color:#444;border-bottom:1px solid #e8e8e8;\"><span class=\"dada-dot\"><\/span> Strukturierte Weiterentwicklung<\/li>\n<li style=\"display:flex;align-items:center;gap:10px;padding:6px 0;font-size:.9rem;color:#444;border-bottom:1px solid #e8e8e8;\"><span class=\"dada-dot\"><\/span> Wirtschaftlicher Fokus<\/li>\n<li style=\"display:flex;align-items:center;gap:10px;padding:6px 0;font-size:.9rem;color:#444;\"><span class=\"dada-dot\"><\/span> Nachhaltiger Wettbewerbsvorsprung<\/li>\n<\/ul><\/div>\n<\/p><\/div>\n<\/p><\/div>\n<\/div>\n<p><!-- \u2500\u2500 GREEN BANNER \u2500\u2500\u2500\u2500\u2500\u2500\u2500\u2500\u2500\u2500\u2500\u2500\u2500\u2500\u2500\u2500\u2500\u2500\u2500\u2500\u2500\u2500\u2500\u2500\u2500\u2500\u2500\u2500\u2500\u2500\u2500\u2500\u2500 --><\/p>\n<div class=\"wp-block-group alignfull has-global-padding is-layout-constrained wp-block-group-is-layout-constrained dada-cols\" style=\"background-color:#3a9a71;padding-top:var(--wp--preset--spacing--50);padding-bottom:var(--wp--preset--spacing--50);margin-top:0;margin-bottom:0;\">\n<h2 class=\"wp-block-heading has-text-align-center alignwide\" style=\"color:#fff;\">Die Basis f\u00fcr Ihren n\u00e4chsten Schritt<\/h2>\n<p class=\"has-text-align-center alignwide\" style=\"color:rgba(255,255,255,.85);margin-top:1.5rem;max-width:640px;margin-left:auto;margin-right:auto;\">\n    So schaffen wir die Basis, Ihr Unternehmen strukturiert, wirtschaftlich und mit nachhaltigem Vorsprung im Wettbewerb weiterzuentwickeln.\n  <\/p>\n<div class=\"wp-block-columns alignwide is-layout-flex wp-block-columns-is-layout-flex\" style=\"margin-top:2.5rem;gap:1.5rem;align-items:stretch;\">\n<div class=\"wp-block-column is-layout-flow wp-block-column-is-layout-flow\">\n<div style=\"background:rgba(255,255,255,.15);border-radius:16px;padding:22px 24px;display:flex;align-items:center;gap:14px;height:100%;\">\n        <span class=\"dada-dot-white\"><\/span><br \/>\n        <span style=\"color:#fff;font-weight:700;\">Prozesse analysieren<\/span>\n      <\/div>\n<\/p><\/div>\n<div class=\"wp-block-column is-layout-flow wp-block-column-is-layout-flow\">\n<div style=\"background:rgba(255,255,255,.15);border-radius:16px;padding:22px 24px;display:flex;align-items:center;gap:14px;height:100%;\">\n        <span class=\"dada-dot-white\"><\/span><br \/>\n        <span style=\"color:#fff;font-weight:700;\">Potenziale erkennen<\/span>\n      <\/div>\n<\/p><\/div>\n<div class=\"wp-block-column is-layout-flow wp-block-column-is-layout-flow\">\n<div style=\"background:rgba(255,255,255,.15);border-radius:16px;padding:22px 24px;display:flex;align-items:center;gap:14px;height:100%;\">\n        <span class=\"dada-dot-white\"><\/span><br \/>\n        <span style=\"color:#fff;font-weight:700;\">Roadmap entwickeln<\/span>\n      <\/div>\n<\/p><\/div>\n<div class=\"wp-block-column is-layout-flow wp-block-column-is-layout-flow\">\n<div style=\"background:rgba(255,255,255,.15);border-radius:16px;padding:22px 24px;display:flex;align-items:center;gap:14px;height:100%;\">\n        <span class=\"dada-dot-white\"><\/span><br \/>\n        <span style=\"color:#fff;font-weight:700;\">Zukunft gestalten<\/span>\n      <\/div>\n<\/p><\/div>\n<\/p><\/div>\n<\/div>","protected":false},"excerpt":{"rendered":"<p>Gesch\u00e4ftsprozess-Analyse Potenziale erkennen. Zukunft gestalten. Wer sein Unternehmen zukunftssicher aufstellen m\u00f6chte, braucht mehr als einzelne Digitalisierungsma\u00dfnahmen \u2013 er braucht eine klare strategische Gesamtsicht. Unser Ansatz Gemeinsam betrachten wir Ihre Wertsch\u00f6pfungskette aus unternehmerischer Perspektive \u2014 ganzheitlich, strukturiert und mit strategischem Blick. Wo entstehen Reibungsverluste? Wir analysieren nicht nur Abl\u00e4ufe, sondern hinterfragen Strukturen, Verantwortlichkeiten und Systemlandschaften \u2013 [&hellip;]<\/p>\n","protected":false},"author":2,"featured_media":0,"parent":0,"menu_order":0,"comment_status":"closed","ping_status":"closed","template":"page-with-title","meta":{"footnotes":""},"class_list":["post-137","page","type-page","status-publish","hentry"],"yoast_head":"<!-- This site is optimized with the Yoast SEO plugin v27.6 - https:\/\/yoast.com\/product\/yoast-seo-wordpress\/ -->\n<title>Gesch\u00e4ftsprozess-Analyse - DADA Soft<\/title>\n<meta name=\"robots\" content=\"index, follow, max-snippet:-1, max-image-preview:large, max-video-preview:-1\" \/>\n<link rel=\"canonical\" href=\"https:\/\/dadasoft.de\/en\/geschaeftsprozess-analyse\/\" \/>\n<meta property=\"og:locale\" content=\"en_US\" \/>\n<meta property=\"og:type\" content=\"article\" \/>\n<meta property=\"og:title\" content=\"Gesch\u00e4ftsprozess-Analyse - DADA Soft\" \/>\n<meta property=\"og:description\" content=\"Gesch\u00e4ftsprozess-Analyse Potenziale erkennen. Zukunft gestalten. Wer sein Unternehmen zukunftssicher aufstellen m\u00f6chte, braucht mehr als einzelne Digitalisierungsma\u00dfnahmen \u2013 er braucht eine klare strategische Gesamtsicht. Unser Ansatz Gemeinsam betrachten wir Ihre Wertsch\u00f6pfungskette aus unternehmerischer Perspektive \u2014 ganzheitlich, strukturiert und mit strategischem Blick. Wo entstehen Reibungsverluste? Wir analysieren nicht nur Abl\u00e4ufe, sondern hinterfragen Strukturen, Verantwortlichkeiten und Systemlandschaften \u2013 [&hellip;]\" \/>\n<meta property=\"og:url\" content=\"https:\/\/dadasoft.de\/en\/geschaeftsprozess-analyse\/\" \/>\n<meta property=\"og:site_name\" content=\"DADA Soft\" \/>\n<meta property=\"article:modified_time\" content=\"2026-03-09T21:04:35+00:00\" \/>\n<meta name=\"twitter:card\" content=\"summary_large_image\" \/>\n<meta name=\"twitter:label1\" content=\"Est. reading time\" \/>\n\t<meta name=\"twitter:data1\" content=\"1 minute\" \/>\n<script type=\"application\/ld+json\" class=\"yoast-schema-graph\">{\"@context\":\"https:\\\/\\\/schema.org\",\"@graph\":[{\"@type\":\"WebPage\",\"@id\":\"https:\\\/\\\/dadasoft.de\\\/geschaeftsprozess-analyse\\\/\",\"url\":\"https:\\\/\\\/dadasoft.de\\\/geschaeftsprozess-analyse\\\/\",\"name\":\"Gesch\u00e4ftsprozess-Analyse - DADA Soft\",\"isPartOf\":{\"@id\":\"https:\\\/\\\/dadasoft.de\\\/#website\"},\"datePublished\":\"2026-03-02T19:27:23+00:00\",\"dateModified\":\"2026-03-09T21:04:35+00:00\",\"breadcrumb\":{\"@id\":\"https:\\\/\\\/dadasoft.de\\\/geschaeftsprozess-analyse\\\/#breadcrumb\"},\"inLanguage\":\"en-US\",\"potentialAction\":[{\"@type\":\"ReadAction\",\"target\":[\"https:\\\/\\\/dadasoft.de\\\/geschaeftsprozess-analyse\\\/\"]}]},{\"@type\":\"BreadcrumbList\",\"@id\":\"https:\\\/\\\/dadasoft.de\\\/geschaeftsprozess-analyse\\\/#breadcrumb\",\"itemListElement\":[{\"@type\":\"ListItem\",\"position\":1,\"name\":\"Start\",\"item\":\"https:\\\/\\\/dadasoft.de\\\/\"},{\"@type\":\"ListItem\",\"position\":2,\"name\":\"Gesch\u00e4ftsprozess-Analyse\"}]},{\"@type\":\"WebSite\",\"@id\":\"https:\\\/\\\/dadasoft.de\\\/#website\",\"url\":\"https:\\\/\\\/dadasoft.de\\\/\",\"name\":\"DADA Soft\",\"description\":\"KI-, ERP- &amp; Prozessoptimierung\",\"publisher\":{\"@id\":\"https:\\\/\\\/dadasoft.de\\\/#organization\"},\"potentialAction\":[{\"@type\":\"SearchAction\",\"target\":{\"@type\":\"EntryPoint\",\"urlTemplate\":\"https:\\\/\\\/dadasoft.de\\\/?s={search_term_string}\"},\"query-input\":{\"@type\":\"PropertyValueSpecification\",\"valueRequired\":true,\"valueName\":\"search_term_string\"}}],\"inLanguage\":\"en-US\"},{\"@type\":\"Organization\",\"@id\":\"https:\\\/\\\/dadasoft.de\\\/#organization\",\"name\":\"DADA Soft GmbH\",\"url\":\"https:\\\/\\\/dadasoft.de\\\/\",\"logo\":{\"@type\":\"ImageObject\",\"inLanguage\":\"en-US\",\"@id\":\"https:\\\/\\\/dadasoft.de\\\/#\\\/schema\\\/logo\\\/image\\\/\",\"url\":\"https:\\\/\\\/dadasoft.de\\\/wp-content\\\/uploads\\\/2026\\\/02\\\/dada-soft-high-resolution-logo-transparent.png\",\"contentUrl\":\"https:\\\/\\\/dadasoft.de\\\/wp-content\\\/uploads\\\/2026\\\/02\\\/dada-soft-high-resolution-logo-transparent.png\",\"width\":2000,\"height\":286,\"caption\":\"DADA Soft GmbH\"},\"image\":{\"@id\":\"https:\\\/\\\/dadasoft.de\\\/#\\\/schema\\\/logo\\\/image\\\/\"},\"sameAs\":[\"https:\\\/\\\/www.linkedin.com\\\/company\\\/dada-soft-gmbh\\\/\",\"https:\\\/\\\/www.xing.com\\\/pages\\\/dada-soft-gmbh\"]}]}<\/script>\n<!-- \/ Yoast SEO plugin. -->","yoast_head_json":{"title":"Gesch\u00e4ftsprozess-Analyse - DADA Soft","robots":{"index":"index","follow":"follow","max-snippet":"max-snippet:-1","max-image-preview":"max-image-preview:large","max-video-preview":"max-video-preview:-1"},"canonical":"https:\/\/dadasoft.de\/en\/geschaeftsprozess-analyse\/","og_locale":"en_US","og_type":"article","og_title":"Gesch\u00e4ftsprozess-Analyse - DADA Soft","og_description":"Gesch\u00e4ftsprozess-Analyse Potenziale erkennen. Zukunft gestalten. Wer sein Unternehmen zukunftssicher aufstellen m\u00f6chte, braucht mehr als einzelne Digitalisierungsma\u00dfnahmen \u2013 er braucht eine klare strategische Gesamtsicht. Unser Ansatz Gemeinsam betrachten wir Ihre Wertsch\u00f6pfungskette aus unternehmerischer Perspektive \u2014 ganzheitlich, strukturiert und mit strategischem Blick. Wo entstehen Reibungsverluste? Wir analysieren nicht nur Abl\u00e4ufe, sondern hinterfragen Strukturen, Verantwortlichkeiten und Systemlandschaften \u2013 [&hellip;]","og_url":"https:\/\/dadasoft.de\/en\/geschaeftsprozess-analyse\/","og_site_name":"DADA Soft","article_modified_time":"2026-03-09T21:04:35+00:00","twitter_card":"summary_large_image","twitter_misc":{"Est. reading time":"1 minute"},"schema":{"@context":"https:\/\/schema.org","@graph":[{"@type":"WebPage","@id":"https:\/\/dadasoft.de\/geschaeftsprozess-analyse\/","url":"https:\/\/dadasoft.de\/geschaeftsprozess-analyse\/","name":"Gesch\u00e4ftsprozess-Analyse - DADA Soft","isPartOf":{"@id":"https:\/\/dadasoft.de\/#website"},"datePublished":"2026-03-02T19:27:23+00:00","dateModified":"2026-03-09T21:04:35+00:00","breadcrumb":{"@id":"https:\/\/dadasoft.de\/geschaeftsprozess-analyse\/#breadcrumb"},"inLanguage":"en-US","potentialAction":[{"@type":"ReadAction","target":["https:\/\/dadasoft.de\/geschaeftsprozess-analyse\/"]}]},{"@type":"BreadcrumbList","@id":"https:\/\/dadasoft.de\/geschaeftsprozess-analyse\/#breadcrumb","itemListElement":[{"@type":"ListItem","position":1,"name":"Start","item":"https:\/\/dadasoft.de\/"},{"@type":"ListItem","position":2,"name":"Gesch\u00e4ftsprozess-Analyse"}]},{"@type":"WebSite","@id":"https:\/\/dadasoft.de\/#website","url":"https:\/\/dadasoft.de\/","name":"DADA Soft","description":"KI-, ERP- &amp; Prozessoptimierung","publisher":{"@id":"https:\/\/dadasoft.de\/#organization"},"potentialAction":[{"@type":"SearchAction","target":{"@type":"EntryPoint","urlTemplate":"https:\/\/dadasoft.de\/?s={search_term_string}"},"query-input":{"@type":"PropertyValueSpecification","valueRequired":true,"valueName":"search_term_string"}}],"inLanguage":"en-US"},{"@type":"Organization","@id":"https:\/\/dadasoft.de\/#organization","name":"DADA Soft GmbH","url":"https:\/\/dadasoft.de\/","logo":{"@type":"ImageObject","inLanguage":"en-US","@id":"https:\/\/dadasoft.de\/#\/schema\/logo\/image\/","url":"https:\/\/dadasoft.de\/wp-content\/uploads\/2026\/02\/dada-soft-high-resolution-logo-transparent.png","contentUrl":"https:\/\/dadasoft.de\/wp-content\/uploads\/2026\/02\/dada-soft-high-resolution-logo-transparent.png","width":2000,"height":286,"caption":"DADA Soft GmbH"},"image":{"@id":"https:\/\/dadasoft.de\/#\/schema\/logo\/image\/"},"sameAs":["https:\/\/www.linkedin.com\/company\/dada-soft-gmbh\/","https:\/\/www.xing.com\/pages\/dada-soft-gmbh"]}]}},"_links":{"self":[{"href":"https:\/\/dadasoft.de\/en\/wp-json\/wp\/v2\/pages\/137","targetHints":{"allow":["GET"]}}],"collection":[{"href":"https:\/\/dadasoft.de\/en\/wp-json\/wp\/v2\/pages"}],"about":[{"href":"https:\/\/dadasoft.de\/en\/wp-json\/wp\/v2\/types\/page"}],"author":[{"embeddable":true,"href":"https:\/\/dadasoft.de\/en\/wp-json\/wp\/v2\/users\/2"}],"replies":[{"embeddable":true,"href":"https:\/\/dadasoft.de\/en\/wp-json\/wp\/v2\/comments?post=137"}],"version-history":[{"count":16,"href":"https:\/\/dadasoft.de\/en\/wp-json\/wp\/v2\/pages\/137\/revisions"}],"predecessor-version":[{"id":440,"href":"https:\/\/dadasoft.de\/en\/wp-json\/wp\/v2\/pages\/137\/revisions\/440"}],"wp:attachment":[{"href":"https:\/\/dadasoft.de\/en\/wp-json\/wp\/v2\/media?parent=137"}],"curies":[{"name":"wp","href":"https:\/\/api.w.org\/{rel}","templated":true}]}}